{"id":572,"date":"2017-04-11T19:26:41","date_gmt":"2017-04-11T18:26:41","guid":{"rendered":"http:\/\/www.media-kanjers.nl\/coes\/productiecapaciteit\/"},"modified":"2017-06-21T09:32:50","modified_gmt":"2017-06-21T08:32:50","slug":"produktionskapazitaet","status":"publish","type":"page","link":"https:\/\/www.coes.nl\/de\/produktionskapazitaet\/","title":{"rendered":"Produktionskapazit\u00e4t"},"content":{"rendered":"<p>[et_pb_section bb_built=&#8220;1&#8243; admin_label=&#8220;Sectie&#8220; background_color=&#8220;#ffffff&#8220; module_class=&#8220;home1&#8243; _builder_version=&#8220;3.0.47&#8243;][et_pb_row admin_label=&#8220;Rij&#8220; _builder_version=&#8220;3.0.47&#8243; background_size=&#8220;initial&#8220; background_position=&#8220;top_left&#8220; background_repeat=&#8220;repeat&#8220;][et_pb_column type=&#8220;1_2&#8243;][et_pb_text admin_label=&#8220;Tekst&#8220; _builder_version=&#8220;3.0.47&#8243; background_size=&#8220;initial&#8220; background_position=&#8220;top_left&#8220; background_repeat=&#8220;repeat&#8220;]<\/p>\n<h1>Produktions<br \/>\nkapazit\u00e4t<\/h1>\n<div class=\"module-title-surround\">\n<p><b>Geb\u00e4ude und moderne Ausr\u00fcstung<\/b><\/p>\n<p>Coes Metaalbescherming Gel\u00e4nde verf\u00fcgt \u00fcber 7 aneinandergeschlossene Hallen, mit einer totalen L\u00e4nge von 475 Metern und mehr als 8000 m2 Bodenoberfl\u00e4che. Fast jedes Produkt kann hier effizient gestrahlt und beschichtet werden. Durch st\u00e4ndig neue Investitionen in die richtigen Produktionsmittel, bietet Coes Metaalbescherming die Sicherheit, das die Produkte mit der gr\u00f6\u00dftm\u00f6glichen Effizienz behandelt werden<\/p>\n<p><b>Interner Transport<\/b><\/p>\n<p>Mehrere Laufkr\u00e4ne, wovon zwei mit einer gesamt Tragkraft von 40 Tonnen, und verschiedene Gabelstapler, sorgen f\u00fcr einen problemlosen internen Transport und garantieren kurze Lade- und Entlade Zeiten. Hiermit ist Coes Metaalbescherming auch der ideale Partner f\u00fcr das Strahlen und Beschichten von gro\u00dfen und schweren Konstruktionen.<\/p>\n<\/div>\n<p>[\/et_pb_text][\/et_pb_column][et_pb_column type=&#8220;1_2&#8243;][et_pb_image admin_label=&#8220;Image&#8220; src=&#8220;https:\/\/www.coes.nl\/wp-content\/uploads\/2017\/04\/Foto-4-1.jpg&#8220; _builder_version=&#8220;3.0.51&#8243; \/][\/et_pb_column][\/et_pb_row][\/et_pb_section][et_pb_section bb_built=&#8220;1&#8243; admin_label=&#8220;Sectie&#8220; background_color=&#8220;#eeeeee&#8220; module_class=&#8220;home2&#8243; _builder_version=&#8220;3.0.47&#8243;][et_pb_row admin_label=&#8220;Rij&#8220; _builder_version=&#8220;3.0.47&#8243; background_size=&#8220;initial&#8220; background_position=&#8220;top_left&#8220; background_repeat=&#8220;repeat&#8220;][et_pb_column type=&#8220;1_2&#8243;][et_pb_text admin_label=&#8220;Tekst&#8220; _builder_version=&#8220;3.0.47&#8243; background_size=&#8220;initial&#8220; background_position=&#8220;top_left&#8220; background_repeat=&#8220;repeat&#8220;]<\/p>\n<h2>Strahlen<\/h2>\n<p><b>Gr\u00f6\u00dfe<br \/>\n<\/b>Gro\u00dfe Konstruktionen kommen die Strahlhalle (mit den Ma\u00dfen 25 x 14 Metern) \u00fcber die enormen Hallentore mit den Abmessungen von 10 x 6,5 Metern herein.<\/p>\n<p><b>Strahlroboter<br \/>\n<\/b>Gro\u00dfe Objekte, ob Serienm\u00e4\u00dfig oder nicht, k\u00f6nnen durch unseren ultramodernen computergesteuerten Strahlroboter gestrahlt werden. Dies garantiert eine konsistente Qualit\u00e4t und eine sehr hohe Produktivit\u00e4t. Robot-Strahlen ist sehr einzigartig. Klicken Sie <a class=\"jcepopup\" href=\"https:\/\/www.youtube.com\/watch?v=bpCPfGLCOpo\">hier<\/a> um den Strahlroboter in Betrieb sehen zu k\u00f6nnen.<\/p>\n<p><b>Manuell Strahlen<br \/>\n<\/b>Mit zwei verschiedenen Strahlmitteln, metallisch und mineralische, sind wir in der Lage um auch manuell zu strahlen. Verzinkte Arbeiten werden mit extra Sorgfalt behandelt und unter reduziertem Druck mit einem mineralischen Strahlmittel gestrahlt, wodurch die Verzinkung nicht besch\u00e4digt wird.<\/p>\n<p><b>Injektorstrahl<\/b><b>en<br \/>\n<\/b>Balken aus Stahl, Spundwandprofile und andere Produkte die durch unsere Injektorstrahlmaschine passen (Bef\u00f6rderungs\u00f6ffnung 2000 x 1000 mm) werden hier automatisch gestrahlt.<\/p>\n<p>[\/et_pb_text][et_pb_text admin_label=&#8220;Tekst&#8220; _builder_version=&#8220;3.0.47&#8243; background_size=&#8220;initial&#8220; background_position=&#8220;top_left&#8220; background_repeat=&#8220;repeat&#8220;]<\/p>\n<p><iframe loading=\"lazy\" src=\"https:\/\/www.youtube.com\/embed\/OE9-6xno6Fo?list=PLouwT9hyR3shBjtA0W_Ky3id3NlMoOEmV\" width=\"560\" height=\"315\" frameborder=\"0\" allowfullscreen=\"allowfullscreen\"><\/iframe><\/p>\n<p>[\/et_pb_text][\/et_pb_column][et_pb_column type=&#8220;1_2&#8243;][et_pb_text admin_label=&#8220;Tekst&#8220; _builder_version=&#8220;3.0.51&#8243; background_size=&#8220;initial&#8220; background_position=&#8220;top_left&#8220; background_repeat=&#8220;repeat&#8220; background_layout=&#8220;light&#8220; text_orientation=&#8220;left&#8220; border_style=&#8220;solid&#8220;]<\/p>\n<div class=\"module-title-surround\"><\/div>\n<h2>Metallisieren<\/h2>\n<p>Coes Metaalbescherming kann Zink, Zink-Aluminium und Aluminium metallisieren. F\u00fcr diese Arbeiten stehen 4 moderne Schopiermaschinen zur Verf\u00fcgung.<\/p>\n<p>Metallisieren ist das Aufbringen einer d\u00fcnnen Schicht einer Aluminium- oder Zinklegierung auf die gestrahlte Stahloberfl\u00e4che. Dieses Verfahren wird h\u00e4ufig angewendet, um Stahlkonstruktionen wirksamer und l\u00e4nger zu sch\u00fctzen und den Korrosionswiderstand zu erh\u00f6hen, (Konservierung). Bei diesem Verfahren wird geschmolzener Zink- und Zink-Aluminiumdraht und in feinsten Partikeln auf das Material geblasen.<\/p>\n<p>Als Richtschnur bei einem technischen Entwurf wird auf die Norm NEN EN ISO 12944-3 verwiesen.\u00a0<img loading=\"lazy\" decoding=\"async\" class=\"alignnone size-full wp-image-601\" src=\"https:\/\/www.coes.nl\/wp-content\/uploads\/2017\/04\/schooperen.png\" alt=\"\" width=\"480\" height=\"640\" srcset=\"https:\/\/www.coes.nl\/wp-content\/uploads\/2017\/04\/schooperen.png 480w, https:\/\/www.coes.nl\/wp-content\/uploads\/2017\/04\/schooperen-225x300.png 225w\" sizes=\"auto, (max-width: 480px) 100vw, 480px\" \/><\/p>\n<h2 class=\"title\">Beschichten<\/h2>\n<p>Coes Metaalbescherming stehen verschiedene Spritzhallen zur Verf\u00fcgung, optimal eingerichtet f\u00fcr den Konservierungsprozess. Die neueste Spritzhalle (1200 m\u00b2)\u00a0ist mit einem sehr modernen Heizungs- und Bel\u00fcftungssystem ausger\u00fcstet. Die gr\u00f6\u00dfte Spritzhalle hat eine Oberfl\u00e4che von 3000 m\u00b2. Diese Aspekte machen die vereinbarten Lieferzeiten und vereinbarte Qualit\u00e4t m\u00f6glich.<\/p>\n<p>Coes Metaalbescherming verf\u00fcgt \u00fcber die n\u00f6tige Kenntnis f\u00fcr gute farbtechnische Beratung und die erforderlichen Mittel um letztendlich die gew\u00fcnschten Produkte termingerecht und zu einem attraktiven Preis zu liefern.<\/p>\n<p>[\/et_pb_text][\/et_pb_column][\/et_pb_row][\/et_pb_section]<\/p>\n","protected":false},"excerpt":{"rendered":"<p>[et_pb_section bb_built=&#8220;1&#8243; admin_label=&#8220;Sectie&#8220; background_color=&#8220;#ffffff&#8220; module_class=&#8220;home1&#8243; _builder_version=&#8220;3.0.47&#8243;][et_pb_row admin_label=&#8220;Rij&#8220; _builder_version=&#8220;3.0.47&#8243; background_size=&#8220;initial&#8220; background_position=&#8220;top_left&#8220; background_repeat=&#8220;repeat&#8220;][et_pb_column type=&#8220;1_2&#8243;][et_pb_text admin_label=&#8220;Tekst&#8220; _builder_version=&#8220;3.0.47&#8243; background_size=&#8220;initial&#8220; background_position=&#8220;top_left&#8220; background_repeat=&#8220;repeat&#8220;] Produktions kapazit\u00e4t Geb\u00e4ude und moderne Ausr\u00fcstung Coes Metaalbescherming Gel\u00e4nde verf\u00fcgt \u00fcber 7 aneinandergeschlossene Hallen, mit einer totalen L\u00e4nge von 475 Metern und mehr als 8000 m2 Bodenoberfl\u00e4che. Fast jedes Produkt kann hier effizient gestrahlt und beschichtet werden. Durch [&hellip;]<\/p>\n","protected":false},"author":1,"featured_media":0,"parent":0,"menu_order":0,"comment_status":"closed","ping_status":"closed","template":"","meta":{"_et_pb_use_builder":"on","_et_pb_old_content":"","_et_gb_content_width":"","inline_featured_image":false,"_exactmetrics_skip_tracking":false,"_exactmetrics_sitenote_active":false,"_exactmetrics_sitenote_note":"","_exactmetrics_sitenote_category":0,"footnotes":""},"class_list":["post-572","page","type-page","status-publish","hentry"],"yoast_head":"<!-- This site is optimized with the Yoast SEO plugin v27.3 - https:\/\/yoast.com\/product\/yoast-seo-wordpress\/ -->\n<title>Produktionskapazit\u00e4t - Coes Metaalbescherming<\/title>\n<meta name=\"robots\" content=\"index, follow, max-snippet:-1, max-image-preview:large, max-video-preview:-1\" \/>\n<link rel=\"canonical\" href=\"https:\/\/www.coes.nl\/de\/produktionskapazitaet\/\" \/>\n<meta property=\"og:locale\" content=\"de_DE\" \/>\n<meta property=\"og:type\" content=\"article\" \/>\n<meta property=\"og:title\" content=\"Produktionskapazit\u00e4t - Coes Metaalbescherming\" \/>\n<meta property=\"og:description\" content=\"[et_pb_section bb_built=&#8220;1&#8243; admin_label=&#8220;Sectie&#8220; background_color=&#8220;#ffffff&#8220; module_class=&#8220;home1&#8243; _builder_version=&#8220;3.0.47&#8243;][et_pb_row admin_label=&#8220;Rij&#8220; _builder_version=&#8220;3.0.47&#8243; background_size=&#8220;initial&#8220; background_position=&#8220;top_left&#8220; background_repeat=&#8220;repeat&#8220;][et_pb_column type=&#8220;1_2&#8243;][et_pb_text admin_label=&#8220;Tekst&#8220; _builder_version=&#8220;3.0.47&#8243; background_size=&#8220;initial&#8220; background_position=&#8220;top_left&#8220; background_repeat=&#8220;repeat&#8220;] Produktions kapazit\u00e4t Geb\u00e4ude und moderne Ausr\u00fcstung Coes Metaalbescherming Gel\u00e4nde verf\u00fcgt \u00fcber 7 aneinandergeschlossene Hallen, mit einer totalen L\u00e4nge von 475 Metern und mehr als 8000 m2 Bodenoberfl\u00e4che. Fast jedes Produkt kann hier effizient gestrahlt und beschichtet werden. Durch [&hellip;]\" \/>\n<meta property=\"og:url\" content=\"https:\/\/www.coes.nl\/de\/produktionskapazitaet\/\" \/>\n<meta property=\"og:site_name\" content=\"Coes Metaalbescherming\" \/>\n<meta property=\"article:modified_time\" content=\"2017-06-21T08:32:50+00:00\" \/>\n<meta property=\"og:image\" content=\"https:\/\/www.coes.nl\/wp-content\/uploads\/2017\/04\/schooperen.png\" \/>\n<meta name=\"twitter:card\" content=\"summary_large_image\" \/>\n<meta name=\"twitter:label1\" content=\"Gesch\u00e4tzte Lesezeit\" \/>\n\t<meta name=\"twitter:data1\" content=\"3\u00a0Minuten\" \/>\n<script type=\"application\/ld+json\" class=\"yoast-schema-graph\">{\"@context\":\"https:\\\/\\\/schema.org\",\"@graph\":[{\"@type\":\"WebPage\",\"@id\":\"https:\\\/\\\/www.coes.nl\\\/de\\\/produktionskapazitaet\\\/\",\"url\":\"https:\\\/\\\/www.coes.nl\\\/de\\\/produktionskapazitaet\\\/\",\"name\":\"Produktionskapazit\u00e4t - Coes Metaalbescherming\",\"isPartOf\":{\"@id\":\"https:\\\/\\\/www.coes.nl\\\/#website\"},\"primaryImageOfPage\":{\"@id\":\"https:\\\/\\\/www.coes.nl\\\/de\\\/produktionskapazitaet\\\/#primaryimage\"},\"image\":{\"@id\":\"https:\\\/\\\/www.coes.nl\\\/de\\\/produktionskapazitaet\\\/#primaryimage\"},\"thumbnailUrl\":\"https:\\\/\\\/www.coes.nl\\\/wp-content\\\/uploads\\\/2017\\\/04\\\/schooperen.png\",\"datePublished\":\"2017-04-11T18:26:41+00:00\",\"dateModified\":\"2017-06-21T08:32:50+00:00\",\"breadcrumb\":{\"@id\":\"https:\\\/\\\/www.coes.nl\\\/de\\\/produktionskapazitaet\\\/#breadcrumb\"},\"inLanguage\":\"de\",\"potentialAction\":[{\"@type\":\"ReadAction\",\"target\":[\"https:\\\/\\\/www.coes.nl\\\/de\\\/produktionskapazitaet\\\/\"]}]},{\"@type\":\"ImageObject\",\"inLanguage\":\"de\",\"@id\":\"https:\\\/\\\/www.coes.nl\\\/de\\\/produktionskapazitaet\\\/#primaryimage\",\"url\":\"https:\\\/\\\/www.coes.nl\\\/wp-content\\\/uploads\\\/2017\\\/04\\\/schooperen.png\",\"contentUrl\":\"https:\\\/\\\/www.coes.nl\\\/wp-content\\\/uploads\\\/2017\\\/04\\\/schooperen.png\"},{\"@type\":\"BreadcrumbList\",\"@id\":\"https:\\\/\\\/www.coes.nl\\\/de\\\/produktionskapazitaet\\\/#breadcrumb\",\"itemListElement\":[{\"@type\":\"ListItem\",\"position\":1,\"name\":\"Home\",\"item\":\"https:\\\/\\\/www.coes.nl\\\/de\\\/\"},{\"@type\":\"ListItem\",\"position\":2,\"name\":\"Produktionskapazit\u00e4t\"}]},{\"@type\":\"WebSite\",\"@id\":\"https:\\\/\\\/www.coes.nl\\\/#website\",\"url\":\"https:\\\/\\\/www.coes.nl\\\/\",\"name\":\"Coes Metaalbescherming\",\"description\":\"\",\"potentialAction\":[{\"@type\":\"SearchAction\",\"target\":{\"@type\":\"EntryPoint\",\"urlTemplate\":\"https:\\\/\\\/www.coes.nl\\\/?s={search_term_string}\"},\"query-input\":{\"@type\":\"PropertyValueSpecification\",\"valueRequired\":true,\"valueName\":\"search_term_string\"}}],\"inLanguage\":\"de\"}]}<\/script>\n<!-- \/ Yoast SEO plugin. -->","yoast_head_json":{"title":"Produktionskapazit\u00e4t - Coes Metaalbescherming","robots":{"index":"index","follow":"follow","max-snippet":"max-snippet:-1","max-image-preview":"max-image-preview:large","max-video-preview":"max-video-preview:-1"},"canonical":"https:\/\/www.coes.nl\/de\/produktionskapazitaet\/","og_locale":"de_DE","og_type":"article","og_title":"Produktionskapazit\u00e4t - Coes Metaalbescherming","og_description":"[et_pb_section bb_built=&#8220;1&#8243; admin_label=&#8220;Sectie&#8220; background_color=&#8220;#ffffff&#8220; module_class=&#8220;home1&#8243; _builder_version=&#8220;3.0.47&#8243;][et_pb_row admin_label=&#8220;Rij&#8220; _builder_version=&#8220;3.0.47&#8243; background_size=&#8220;initial&#8220; background_position=&#8220;top_left&#8220; background_repeat=&#8220;repeat&#8220;][et_pb_column type=&#8220;1_2&#8243;][et_pb_text admin_label=&#8220;Tekst&#8220; _builder_version=&#8220;3.0.47&#8243; background_size=&#8220;initial&#8220; background_position=&#8220;top_left&#8220; background_repeat=&#8220;repeat&#8220;] Produktions kapazit\u00e4t Geb\u00e4ude und moderne Ausr\u00fcstung Coes Metaalbescherming Gel\u00e4nde verf\u00fcgt \u00fcber 7 aneinandergeschlossene Hallen, mit einer totalen L\u00e4nge von 475 Metern und mehr als 8000 m2 Bodenoberfl\u00e4che. Fast jedes Produkt kann hier effizient gestrahlt und beschichtet werden. Durch [&hellip;]","og_url":"https:\/\/www.coes.nl\/de\/produktionskapazitaet\/","og_site_name":"Coes Metaalbescherming","article_modified_time":"2017-06-21T08:32:50+00:00","og_image":[{"url":"https:\/\/www.coes.nl\/wp-content\/uploads\/2017\/04\/schooperen.png","type":"","width":"","height":""}],"twitter_card":"summary_large_image","twitter_misc":{"Gesch\u00e4tzte Lesezeit":"3\u00a0Minuten"},"schema":{"@context":"https:\/\/schema.org","@graph":[{"@type":"WebPage","@id":"https:\/\/www.coes.nl\/de\/produktionskapazitaet\/","url":"https:\/\/www.coes.nl\/de\/produktionskapazitaet\/","name":"Produktionskapazit\u00e4t - Coes Metaalbescherming","isPartOf":{"@id":"https:\/\/www.coes.nl\/#website"},"primaryImageOfPage":{"@id":"https:\/\/www.coes.nl\/de\/produktionskapazitaet\/#primaryimage"},"image":{"@id":"https:\/\/www.coes.nl\/de\/produktionskapazitaet\/#primaryimage"},"thumbnailUrl":"https:\/\/www.coes.nl\/wp-content\/uploads\/2017\/04\/schooperen.png","datePublished":"2017-04-11T18:26:41+00:00","dateModified":"2017-06-21T08:32:50+00:00","breadcrumb":{"@id":"https:\/\/www.coes.nl\/de\/produktionskapazitaet\/#breadcrumb"},"inLanguage":"de","potentialAction":[{"@type":"ReadAction","target":["https:\/\/www.coes.nl\/de\/produktionskapazitaet\/"]}]},{"@type":"ImageObject","inLanguage":"de","@id":"https:\/\/www.coes.nl\/de\/produktionskapazitaet\/#primaryimage","url":"https:\/\/www.coes.nl\/wp-content\/uploads\/2017\/04\/schooperen.png","contentUrl":"https:\/\/www.coes.nl\/wp-content\/uploads\/2017\/04\/schooperen.png"},{"@type":"BreadcrumbList","@id":"https:\/\/www.coes.nl\/de\/produktionskapazitaet\/#breadcrumb","itemListElement":[{"@type":"ListItem","position":1,"name":"Home","item":"https:\/\/www.coes.nl\/de\/"},{"@type":"ListItem","position":2,"name":"Produktionskapazit\u00e4t"}]},{"@type":"WebSite","@id":"https:\/\/www.coes.nl\/#website","url":"https:\/\/www.coes.nl\/","name":"Coes Metaalbescherming","description":"","potentialAction":[{"@type":"SearchAction","target":{"@type":"EntryPoint","urlTemplate":"https:\/\/www.coes.nl\/?s={search_term_string}"},"query-input":{"@type":"PropertyValueSpecification","valueRequired":true,"valueName":"search_term_string"}}],"inLanguage":"de"}]}},"_links":{"self":[{"href":"https:\/\/www.coes.nl\/de\/wp-json\/wp\/v2\/pages\/572","targetHints":{"allow":["GET"]}}],"collection":[{"href":"https:\/\/www.coes.nl\/de\/wp-json\/wp\/v2\/pages"}],"about":[{"href":"https:\/\/www.coes.nl\/de\/wp-json\/wp\/v2\/types\/page"}],"author":[{"embeddable":true,"href":"https:\/\/www.coes.nl\/de\/wp-json\/wp\/v2\/users\/1"}],"replies":[{"embeddable":true,"href":"https:\/\/www.coes.nl\/de\/wp-json\/wp\/v2\/comments?post=572"}],"version-history":[{"count":8,"href":"https:\/\/www.coes.nl\/de\/wp-json\/wp\/v2\/pages\/572\/revisions"}],"predecessor-version":[{"id":796,"href":"https:\/\/www.coes.nl\/de\/wp-json\/wp\/v2\/pages\/572\/revisions\/796"}],"wp:attachment":[{"href":"https:\/\/www.coes.nl\/de\/wp-json\/wp\/v2\/media?parent=572"}],"curies":[{"name":"wp","href":"https:\/\/api.w.org\/{rel}","templated":true}]}}