{"id":590,"date":"2017-04-11T19:28:46","date_gmt":"2017-04-11T18:28:46","guid":{"rendered":"http:\/\/www.media-kanjers.nl\/coes\/kwaliteitsbeheer\/"},"modified":"2025-12-18T10:09:45","modified_gmt":"2025-12-18T09:09:45","slug":"qualitaetsmanagement","status":"publish","type":"page","link":"https:\/\/www.coes.nl\/de\/qualitaetsmanagement\/","title":{"rendered":"Qualit\u00e4tsmanagement"},"content":{"rendered":"<p>[et_pb_section fb_built=&#8220;1&#8243; admin_label=&#8220;Sectie&#8220; module_class=&#8220;home1&#8243; _builder_version=&#8220;3.22&#8243; background_color=&#8220;#ffffff&#8220;][et_pb_row column_structure=&#8220;1_2,1_2&#8243; admin_label=&#8220;Rij&#8220; _builder_version=&#8220;3.25&#8243; background_size=&#8220;initial&#8220; background_position=&#8220;top_left&#8220; background_repeat=&#8220;repeat&#8220;][et_pb_column type=&#8220;1_2&#8243; _builder_version=&#8220;3.25&#8243; custom_padding=&#8220;|||&#8220; custom_padding__hover=&#8220;|||&#8220;][et_pb_text admin_label=&#8220;Tekst&#8220; _builder_version=&#8220;4.9.4&#8243; background_size=&#8220;initial&#8220; background_position=&#8220;top_left&#8220; background_repeat=&#8220;repeat&#8220; hover_enabled=&#8220;0&#8243; border_style=&#8220;solid&#8220; sticky_enabled=&#8220;0&#8243;]<\/p>\n<h1>Qualit\u00e4tsmanagement<\/h1>\n<p>Coes Metaalbescherming BV reinigt und konserviert nach den standardm\u00e4\u00dfigen g\u00fcltigen Normen. Im Folgenden sind einige einschl\u00e4gige Normen aufgef\u00fchrt. Coes verarbeitet ausschlie\u00dflich professionelle technische Beschichtungssysteme. Hierbei arbeiten wir mit anerkannten Beschichtungslieferanten zusammen und setzen auch eine eigene Farbmischmaschine ein.<\/p>\n<p><strong>Garantie auf die Beschichtung<\/strong><\/p>\n<p>Das geben einer Garantie auf die Beschichtungsarbeiten ist m\u00f6glich. Es ist jedoch wichtig, das die relevanten Details wie die Dauer der Garantie, Standort und Form des Objekts, die Belastung und das daraus resultierenden empfohlenen Farbsystems vorher besprochen werden. Nach R\u00fccksprache mit dem Farblieferanten ist oft eine Garantie m\u00f6glich.<\/p>\n<p>&nbsp;<\/p>\n<div class=\"module-title-surround\">\n<p><strong>Coating inspecteurs<\/strong><\/p>\n<p>Bei Coes Metaalbescherming sind zwei Coating-Inspektoren st\u00e4ndig damit besch\u00e4ftigt, die Qualit\u00e4t zu gew\u00e4hrleisten.<\/p>\n<p>Im Folgenden die Spezifikationen unserer Inspektoren:<\/p>\n<p><a href=\"https:\/\/www.coes.nl\/wp-content\/uploads\/2017\/04\/NACE.jpg\" target=\"_blank\" rel=\"noopener\">Coating-Inspektor NACE Niveau 1 spezifiziert mit Registernummer 64072.\u00a0<\/a><br \/><a href=\"https:\/\/www.coes.nl\/wp-content\/uploads\/2025\/12\/Hans-Meinen-Frosio-III-coating-inspector.jpg\" target=\"_blank\" rel=\"noopener\">Coating-Inspektor FROSIO Niveau 3 spezifiziert mit Registernummer 2145.<\/a><\/p>\n<\/div>\n<p>[\/et_pb_text][\/et_pb_column][et_pb_column type=&#8220;1_2&#8243; _builder_version=&#8220;3.25&#8243; custom_padding=&#8220;|||&#8220; custom_padding__hover=&#8220;|||&#8220;][et_pb_image src=&#8220;https:\/\/www.coes.nl\/wp-content\/uploads\/2017\/05\/IMG_1330.jpg&#8220; align_tablet=&#8220;center&#8220; align_phone=&#8220;&#8220; align_last_edited=&#8220;on|desktop&#8220; admin_label=&#8220;Image&#8220; _builder_version=&#8220;3.23&#8243; animation_style=&#8220;slide&#8220; animation_direction=&#8220;left&#8220; animation_duration=&#8220;500ms&#8220; animation_intensity_slide=&#8220;10%&#8220;][\/et_pb_image][\/et_pb_column][\/et_pb_row][\/et_pb_section][et_pb_section fb_built=&#8220;1&#8243; admin_label=&#8220;Sectie&#8220; module_class=&#8220;home2&#8243; _builder_version=&#8220;3.22&#8243; background_color=&#8220;#eeeeee&#8220;][et_pb_row column_structure=&#8220;1_3,1_3,1_3&#8243; admin_label=&#8220;Rij&#8220; _builder_version=&#8220;3.25&#8243; background_size=&#8220;initial&#8220; background_position=&#8220;top_left&#8220; background_repeat=&#8220;repeat&#8220;][et_pb_column type=&#8220;1_3&#8243; _builder_version=&#8220;3.25&#8243; custom_padding=&#8220;|||&#8220; custom_padding__hover=&#8220;|||&#8220;][et_pb_text admin_label=&#8220;Text&#8220; _builder_version=&#8220;3.27.4&#8243; border_style=&#8220;solid&#8220;]<\/p>\n<h3><strong>Bearbeitungen<\/strong><\/h3>\n<p><strong>Strahlen bis zum gew\u00fcnschten Reinheitsgrad<\/strong><br \/>\nISO 8501-1<\/p>\n<p><strong>Strahlen bis zur gew\u00fcnschten Rauheit<\/strong><br \/>\nISO 8503-4<\/p>\n<p><strong>Anbringen von thermischen Metallschichten<\/strong><br \/>\nEN ISO 2063<\/p>\n<p><strong>Airless Auftragen von Beschichtungssystemen<\/strong><br \/>\n<a href=\"https:\/\/www.coes.nl\/wp-content\/uploads\/2017\/04\/Coes-ISO-12944-5.pdf\">ISO 12944-5<\/a><br \/>\n[\/et_pb_text][et_pb_text admin_label=&#8220;Tekst&#8220; _builder_version=&#8220;3.27.4&#8243; background_size=&#8220;initial&#8220; background_position=&#8220;top_left&#8220; background_repeat=&#8220;repeat&#8220;][\/et_pb_text][\/et_pb_column][et_pb_column type=&#8220;1_3&#8243; _builder_version=&#8220;3.25&#8243; custom_padding=&#8220;|||&#8220; custom_padding__hover=&#8220;|||&#8220;][et_pb_text admin_label=&#8220;Tekst&#8220; _builder_version=&#8220;3.27.4&#8243; background_size=&#8220;initial&#8220; background_position=&#8220;top_left&#8220; background_repeat=&#8220;repeat&#8220; border_style=&#8220;solid&#8220;]<\/p>\n<h3><strong>Qualit\u00e4tskontrollen<\/strong><\/h3>\n<p>Die Qualit\u00e4t wird von uns mit verschiedenen Tests laufend kontrolliert.<\/p>\n<p><strong>Eingangskontrolle<\/strong><br \/>\nNEN-EN 14879-1<\/p>\n<p><strong>Rauheit-Strahlprofil<\/strong><br \/>\nISO 8503-1 &amp; -2<\/p>\n<p><strong>Staubfreier Check-Tape Test<\/strong><br \/>\nISO 8502-3<\/p>\n<p><strong>Blotter Test<\/strong><br \/>\nASTM D4285<br \/>\n[\/et_pb_text][et_pb_text admin_label=&#8220;Tekst&#8220; _builder_version=&#8220;3.27.4&#8243; background_size=&#8220;initial&#8220; background_position=&#8220;top_left&#8220; background_repeat=&#8220;repeat&#8220;][\/et_pb_text][\/et_pb_column][et_pb_column type=&#8220;1_3&#8243; _builder_version=&#8220;3.25&#8243; custom_padding=&#8220;|||&#8220; custom_padding__hover=&#8220;|||&#8220;][et_pb_text admin_label=&#8220;Tekst&#8220; _builder_version=&#8220;3.27.4&#8243; background_size=&#8220;initial&#8220; background_position=&#8220;top_left&#8220; background_repeat=&#8220;repeat&#8220; border_style=&#8220;solid&#8220;]<\/p>\n<div class=\"module-title-surround\"><\/div>\n<div class=\"module-title-surround\"><\/div>\n<div>\n<p><strong>Salzl\u00f6sung-Test (Leitf\u00e4higkeitstest)<\/strong><br \/>\nISO 8502-6<\/p>\n<p><strong>Messung trockener Schichtdicken<\/strong><br \/>\nISO 19840\u00a0&amp; NEN-EN-ISO 2178<\/p>\n<p><strong>Nasser-Poren-Schwamm-Test (Niederspannungstest)<\/strong><br \/>\nASTM D5162-15 (methode A)<\/p>\n<p><strong>Hochspannungsmessung (Funkentest)<\/strong><br \/>\nASTM D5162 \u2013 15 (methode B)<\/p>\n<p><strong>Haftung<\/strong><br \/>\nNEN 5254 &amp; ISO 2409 \/ 4624<\/p>\n<p><strong>Visuelle Inspektion<\/strong><br \/>\nNEN 5254<\/p>\n<p>&nbsp;<\/p>\n<\/div>\n<p>[\/et_pb_text][\/et_pb_column][\/et_pb_row][\/et_pb_section]<\/p>\n","protected":false},"excerpt":{"rendered":"<p>[et_pb_section fb_built=&#8220;1&#8243; admin_label=&#8220;Sectie&#8220; module_class=&#8220;home1&#8243; _builder_version=&#8220;3.22&#8243; background_color=&#8220;#ffffff&#8220;][et_pb_row column_structure=&#8220;1_2,1_2&#8243; admin_label=&#8220;Rij&#8220; _builder_version=&#8220;3.25&#8243; background_size=&#8220;initial&#8220; background_position=&#8220;top_left&#8220; background_repeat=&#8220;repeat&#8220;][et_pb_column type=&#8220;1_2&#8243; _builder_version=&#8220;3.25&#8243; custom_padding=&#8220;|||&#8220; custom_padding__hover=&#8220;|||&#8220;][et_pb_text admin_label=&#8220;Tekst&#8220; _builder_version=&#8220;4.9.4&#8243; background_size=&#8220;initial&#8220; background_position=&#8220;top_left&#8220; background_repeat=&#8220;repeat&#8220; hover_enabled=&#8220;0&#8243; border_style=&#8220;solid&#8220; sticky_enabled=&#8220;0&#8243;] Qualit\u00e4tsmanagement Coes Metaalbescherming BV reinigt und konserviert nach den standardm\u00e4\u00dfigen g\u00fcltigen Normen. Im Folgenden sind einige einschl\u00e4gige Normen aufgef\u00fchrt. Coes verarbeitet ausschlie\u00dflich professionelle technische Beschichtungssysteme. Hierbei arbeiten wir mit anerkannten Beschichtungslieferanten [&hellip;]<\/p>\n","protected":false},"author":1,"featured_media":0,"parent":0,"menu_order":0,"comment_status":"closed","ping_status":"closed","template":"","meta":{"_et_pb_use_builder":"on","_et_pb_old_content":"","_et_gb_content_width":"","inline_featured_image":false,"_exactmetrics_skip_tracking":false,"_exactmetrics_sitenote_active":false,"_exactmetrics_sitenote_note":"","_exactmetrics_sitenote_category":0,"footnotes":""},"class_list":["post-590","page","type-page","status-publish","hentry"],"yoast_head":"<!-- This site is optimized with the Yoast SEO plugin v27.3 - https:\/\/yoast.com\/product\/yoast-seo-wordpress\/ -->\n<title>Qualit\u00e4tsmanagement - Coes Metaalbescherming<\/title>\n<meta name=\"robots\" content=\"index, follow, max-snippet:-1, max-image-preview:large, max-video-preview:-1\" \/>\n<link rel=\"canonical\" href=\"https:\/\/www.coes.nl\/de\/qualitaetsmanagement\/\" \/>\n<meta property=\"og:locale\" content=\"de_DE\" \/>\n<meta property=\"og:type\" content=\"article\" \/>\n<meta property=\"og:title\" content=\"Qualit\u00e4tsmanagement - Coes Metaalbescherming\" \/>\n<meta property=\"og:description\" content=\"[et_pb_section fb_built=&#8220;1&#8243; admin_label=&#8220;Sectie&#8220; module_class=&#8220;home1&#8243; _builder_version=&#8220;3.22&#8243; background_color=&#8220;#ffffff&#8220;][et_pb_row column_structure=&#8220;1_2,1_2&#8243; admin_label=&#8220;Rij&#8220; _builder_version=&#8220;3.25&#8243; background_size=&#8220;initial&#8220; background_position=&#8220;top_left&#8220; background_repeat=&#8220;repeat&#8220;][et_pb_column type=&#8220;1_2&#8243; _builder_version=&#8220;3.25&#8243; custom_padding=&#8220;|||&#8220; custom_padding__hover=&#8220;|||&#8220;][et_pb_text admin_label=&#8220;Tekst&#8220; _builder_version=&#8220;4.9.4&#8243; background_size=&#8220;initial&#8220; background_position=&#8220;top_left&#8220; background_repeat=&#8220;repeat&#8220; hover_enabled=&#8220;0&#8243; border_style=&#8220;solid&#8220; sticky_enabled=&#8220;0&#8243;] Qualit\u00e4tsmanagement Coes Metaalbescherming BV reinigt und konserviert nach den standardm\u00e4\u00dfigen g\u00fcltigen Normen. Im Folgenden sind einige einschl\u00e4gige Normen aufgef\u00fchrt. Coes verarbeitet ausschlie\u00dflich professionelle technische Beschichtungssysteme. Hierbei arbeiten wir mit anerkannten Beschichtungslieferanten [&hellip;]\" \/>\n<meta property=\"og:url\" content=\"https:\/\/www.coes.nl\/de\/qualitaetsmanagement\/\" \/>\n<meta property=\"og:site_name\" content=\"Coes Metaalbescherming\" \/>\n<meta property=\"article:modified_time\" content=\"2025-12-18T09:09:45+00:00\" \/>\n<meta name=\"twitter:card\" content=\"summary_large_image\" \/>\n<meta name=\"twitter:label1\" content=\"Gesch\u00e4tzte Lesezeit\" \/>\n\t<meta name=\"twitter:data1\" content=\"2\u00a0Minuten\" \/>\n<script type=\"application\/ld+json\" class=\"yoast-schema-graph\">{\"@context\":\"https:\\\/\\\/schema.org\",\"@graph\":[{\"@type\":\"WebPage\",\"@id\":\"https:\\\/\\\/www.coes.nl\\\/de\\\/qualitaetsmanagement\\\/\",\"url\":\"https:\\\/\\\/www.coes.nl\\\/de\\\/qualitaetsmanagement\\\/\",\"name\":\"Qualit\u00e4tsmanagement - Coes Metaalbescherming\",\"isPartOf\":{\"@id\":\"https:\\\/\\\/www.coes.nl\\\/#website\"},\"datePublished\":\"2017-04-11T18:28:46+00:00\",\"dateModified\":\"2025-12-18T09:09:45+00:00\",\"breadcrumb\":{\"@id\":\"https:\\\/\\\/www.coes.nl\\\/de\\\/qualitaetsmanagement\\\/#breadcrumb\"},\"inLanguage\":\"de\",\"potentialAction\":[{\"@type\":\"ReadAction\",\"target\":[\"https:\\\/\\\/www.coes.nl\\\/de\\\/qualitaetsmanagement\\\/\"]}]},{\"@type\":\"BreadcrumbList\",\"@id\":\"https:\\\/\\\/www.coes.nl\\\/de\\\/qualitaetsmanagement\\\/#breadcrumb\",\"itemListElement\":[{\"@type\":\"ListItem\",\"position\":1,\"name\":\"Home\",\"item\":\"https:\\\/\\\/www.coes.nl\\\/de\\\/\"},{\"@type\":\"ListItem\",\"position\":2,\"name\":\"Qualit\u00e4tsmanagement\"}]},{\"@type\":\"WebSite\",\"@id\":\"https:\\\/\\\/www.coes.nl\\\/#website\",\"url\":\"https:\\\/\\\/www.coes.nl\\\/\",\"name\":\"Coes Metaalbescherming\",\"description\":\"\",\"potentialAction\":[{\"@type\":\"SearchAction\",\"target\":{\"@type\":\"EntryPoint\",\"urlTemplate\":\"https:\\\/\\\/www.coes.nl\\\/?s={search_term_string}\"},\"query-input\":{\"@type\":\"PropertyValueSpecification\",\"valueRequired\":true,\"valueName\":\"search_term_string\"}}],\"inLanguage\":\"de\"}]}<\/script>\n<!-- \/ Yoast SEO plugin. -->","yoast_head_json":{"title":"Qualit\u00e4tsmanagement - Coes Metaalbescherming","robots":{"index":"index","follow":"follow","max-snippet":"max-snippet:-1","max-image-preview":"max-image-preview:large","max-video-preview":"max-video-preview:-1"},"canonical":"https:\/\/www.coes.nl\/de\/qualitaetsmanagement\/","og_locale":"de_DE","og_type":"article","og_title":"Qualit\u00e4tsmanagement - Coes Metaalbescherming","og_description":"[et_pb_section fb_built=&#8220;1&#8243; admin_label=&#8220;Sectie&#8220; module_class=&#8220;home1&#8243; _builder_version=&#8220;3.22&#8243; background_color=&#8220;#ffffff&#8220;][et_pb_row column_structure=&#8220;1_2,1_2&#8243; admin_label=&#8220;Rij&#8220; _builder_version=&#8220;3.25&#8243; background_size=&#8220;initial&#8220; background_position=&#8220;top_left&#8220; background_repeat=&#8220;repeat&#8220;][et_pb_column type=&#8220;1_2&#8243; _builder_version=&#8220;3.25&#8243; custom_padding=&#8220;|||&#8220; custom_padding__hover=&#8220;|||&#8220;][et_pb_text admin_label=&#8220;Tekst&#8220; _builder_version=&#8220;4.9.4&#8243; background_size=&#8220;initial&#8220; background_position=&#8220;top_left&#8220; background_repeat=&#8220;repeat&#8220; hover_enabled=&#8220;0&#8243; border_style=&#8220;solid&#8220; sticky_enabled=&#8220;0&#8243;] Qualit\u00e4tsmanagement Coes Metaalbescherming BV reinigt und konserviert nach den standardm\u00e4\u00dfigen g\u00fcltigen Normen. Im Folgenden sind einige einschl\u00e4gige Normen aufgef\u00fchrt. Coes verarbeitet ausschlie\u00dflich professionelle technische Beschichtungssysteme. Hierbei arbeiten wir mit anerkannten Beschichtungslieferanten [&hellip;]","og_url":"https:\/\/www.coes.nl\/de\/qualitaetsmanagement\/","og_site_name":"Coes Metaalbescherming","article_modified_time":"2025-12-18T09:09:45+00:00","twitter_card":"summary_large_image","twitter_misc":{"Gesch\u00e4tzte Lesezeit":"2\u00a0Minuten"},"schema":{"@context":"https:\/\/schema.org","@graph":[{"@type":"WebPage","@id":"https:\/\/www.coes.nl\/de\/qualitaetsmanagement\/","url":"https:\/\/www.coes.nl\/de\/qualitaetsmanagement\/","name":"Qualit\u00e4tsmanagement - Coes Metaalbescherming","isPartOf":{"@id":"https:\/\/www.coes.nl\/#website"},"datePublished":"2017-04-11T18:28:46+00:00","dateModified":"2025-12-18T09:09:45+00:00","breadcrumb":{"@id":"https:\/\/www.coes.nl\/de\/qualitaetsmanagement\/#breadcrumb"},"inLanguage":"de","potentialAction":[{"@type":"ReadAction","target":["https:\/\/www.coes.nl\/de\/qualitaetsmanagement\/"]}]},{"@type":"BreadcrumbList","@id":"https:\/\/www.coes.nl\/de\/qualitaetsmanagement\/#breadcrumb","itemListElement":[{"@type":"ListItem","position":1,"name":"Home","item":"https:\/\/www.coes.nl\/de\/"},{"@type":"ListItem","position":2,"name":"Qualit\u00e4tsmanagement"}]},{"@type":"WebSite","@id":"https:\/\/www.coes.nl\/#website","url":"https:\/\/www.coes.nl\/","name":"Coes Metaalbescherming","description":"","potentialAction":[{"@type":"SearchAction","target":{"@type":"EntryPoint","urlTemplate":"https:\/\/www.coes.nl\/?s={search_term_string}"},"query-input":{"@type":"PropertyValueSpecification","valueRequired":true,"valueName":"search_term_string"}}],"inLanguage":"de"}]}},"_links":{"self":[{"href":"https:\/\/www.coes.nl\/de\/wp-json\/wp\/v2\/pages\/590","targetHints":{"allow":["GET"]}}],"collection":[{"href":"https:\/\/www.coes.nl\/de\/wp-json\/wp\/v2\/pages"}],"about":[{"href":"https:\/\/www.coes.nl\/de\/wp-json\/wp\/v2\/types\/page"}],"author":[{"embeddable":true,"href":"https:\/\/www.coes.nl\/de\/wp-json\/wp\/v2\/users\/1"}],"replies":[{"embeddable":true,"href":"https:\/\/www.coes.nl\/de\/wp-json\/wp\/v2\/comments?post=590"}],"version-history":[{"count":17,"href":"https:\/\/www.coes.nl\/de\/wp-json\/wp\/v2\/pages\/590\/revisions"}],"predecessor-version":[{"id":1294,"href":"https:\/\/www.coes.nl\/de\/wp-json\/wp\/v2\/pages\/590\/revisions\/1294"}],"wp:attachment":[{"href":"https:\/\/www.coes.nl\/de\/wp-json\/wp\/v2\/media?parent=590"}],"curies":[{"name":"wp","href":"https:\/\/api.w.org\/{rel}","templated":true}]}}