{"id":749,"date":"2017-04-26T10:07:39","date_gmt":"2017-04-26T09:07:39","guid":{"rendered":"https:\/\/www.coes.nl\/certificering\/"},"modified":"2025-12-18T10:04:47","modified_gmt":"2025-12-18T09:04:47","slug":"zertifizierung","status":"publish","type":"page","link":"https:\/\/www.coes.nl\/de\/zertifizierung\/","title":{"rendered":"Zertifizierung"},"content":{"rendered":"<p>[et_pb_section fb_built=&#8220;1&#8243; admin_label=&#8220;Sectie&#8220; module_class=&#8220;home1&#8243; _builder_version=&#8220;3.22&#8243; background_color=&#8220;#ffffff&#8220;][et_pb_row column_structure=&#8220;1_2,1_2&#8243; admin_label=&#8220;Rij&#8220; _builder_version=&#8220;3.25&#8243; background_size=&#8220;initial&#8220; background_position=&#8220;top_left&#8220; background_repeat=&#8220;repeat&#8220;][et_pb_column type=&#8220;1_2&#8243; _builder_version=&#8220;3.25&#8243; custom_padding=&#8220;|||&#8220; custom_padding__hover=&#8220;|||&#8220;][et_pb_text admin_label=&#8220;Tekst&#8220; _builder_version=&#8220;4.9.4&#8243; background_size=&#8220;initial&#8220; background_position=&#8220;top_left&#8220; background_repeat=&#8220;repeat&#8220; border_style=&#8220;solid&#8220;]<\/p>\n<h1>Zertifizierung<\/h1>\n<div class=\"module-title-surround\">\n<p>Coes Metaalbescherming besitzt die Zertifikate NEN-ISO 9001 und EN 1090. Bei der Durchf\u00fchrung der Strahl- und Konservierungsverfahren wird bei Coes Metaalbescherming f\u00fcr das Strahlen nach der Norm NEN-ISO 8501-1 und f\u00fcr das Konservieren nach der Norm NEN-ISO 12944 gearbeitet. Dar\u00fcber hinaus besitzt Coes das Zertifikat BRC-k746. Auf Basis dieser Erkl\u00e4rung kann Coes Metaalbescherming die Innenw\u00e4nde von Trinkwassertanks gem\u00e4\u00df den Vorgaben des Zertifikats behandeln. Konservierungsgutachten sind auf Wunsch verf\u00fcgbar. In diesen Gutachten sind f\u00fcr jedes Objekt Tabellen mit den Messergebnissen, wie Schichtdicke und Temperaturen, enthalten.<\/p>\n<p><strong><a href=\"https:\/\/www.coes.nl\/de\/voortgangsverslagen-en-energie-actieplannen\/\">CO2-Fortschrittsberichte und Energieaktionspl\u00e4ne<\/a><\/strong><\/p>\n<\/div>\n<p>[\/et_pb_text][\/et_pb_column][et_pb_column type=&#8220;1_2&#8243; _builder_version=&#8220;3.25&#8243; custom_padding=&#8220;|||&#8220; custom_padding__hover=&#8220;|||&#8220;][\/et_pb_column][\/et_pb_row][\/et_pb_section][et_pb_section fb_built=&#8220;1&#8243; admin_label=&#8220;Sectie&#8220; module_class=&#8220;home2&#8243; _builder_version=&#8220;3.22&#8243; background_color=&#8220;#eeeeee&#8220;][et_pb_row column_structure=&#8220;1_2,1_4,1_4&#8243; admin_label=&#8220;Rij&#8220; _builder_version=&#8220;3.25&#8243; background_size=&#8220;initial&#8220; background_position=&#8220;top_left&#8220; background_repeat=&#8220;repeat&#8220;][et_pb_column type=&#8220;1_2&#8243; _builder_version=&#8220;3.25&#8243; custom_padding=&#8220;|||&#8220; custom_padding__hover=&#8220;|||&#8220;][et_pb_text admin_label=&#8220;Tekst&#8220; _builder_version=&#8220;4.9.4&#8243; background_size=&#8220;initial&#8220; background_position=&#8220;top_left&#8220; background_repeat=&#8220;repeat&#8220; hover_enabled=&#8220;0&#8243; sticky_enabled=&#8220;0&#8243;]<\/p>\n<h2>Certificaten<\/h2>\n<p><strong>Qualit\u00e4tsmanagamentsystem<br \/><\/strong><\/p>\n<p><a href=\"https:\/\/www.coes.nl\/wp-content\/uploads\/2024\/09\/1491-10ISO-9001-Certificaat-Coes-Metaalbescherming-B.V.-PDF-Duits.pdf\">ISO 9001 Zertifikat<\/a><\/p>\n<p><strong>Inspektion und Begleitung<br \/><\/strong>NACE zertifiziert.<a href=\"https:\/\/www.coes.nl\/wp-content\/uploads\/2017\/04\/NACE.jpg\"><br \/><\/a><a href=\"https:\/\/www.nace.org\/home.aspx\">Bekijk website &gt;<\/a><\/p>\n<p>Zertifiziert nach Frosio\/NS 476.<a href=\"https:\/\/www.coes.nl\/wp-content\/uploads\/2017\/04\/frosio.png\"><br \/><\/a><a href=\"https:\/\/www.frosio.no\/en\/\">Bekijk website &gt;<\/a><\/p>\n<p><strong>Konformit\u00e4tserkl\u00e4rung<br \/><\/strong><a href=\"https:\/\/www.coes.nl\/wp-content\/uploads\/2021\/03\/IFO-2021.pdf\">Volgens EN 1090 gecertificeerd voor voorbehandeling en het aanbrengen van vloeibare coating.<\/a><br \/>Untergrund: Aluminium, Stahl, schmelztauchverzinkter Stahl.<\/p>\n<p>&nbsp;<\/p>\n<p><strong>CO2-bewusstes Zertifikat<br \/><a href=\"https:\/\/www.coes.nl\/wp-content\/uploads\/2025\/12\/CO2-bewust-Certificaat-niveau-3.pdf\" rel=\"attachment wp-att-859\">CO2-bewusstes Zertifikat Stufe 3<\/a><\/strong><\/p>\n<p>[\/et_pb_text][\/et_pb_column][et_pb_column type=&#8220;1_4&#8243; _builder_version=&#8220;3.25&#8243; custom_padding=&#8220;|||&#8220; custom_padding__hover=&#8220;|||&#8220;][\/et_pb_column][et_pb_column type=&#8220;1_4&#8243; _builder_version=&#8220;3.25&#8243; custom_padding=&#8220;|||&#8220; custom_padding__hover=&#8220;|||&#8220;][\/et_pb_column][\/et_pb_row][\/et_pb_section]<\/p>\n","protected":false},"excerpt":{"rendered":"<p>[et_pb_section fb_built=&#8220;1&#8243; admin_label=&#8220;Sectie&#8220; module_class=&#8220;home1&#8243; _builder_version=&#8220;3.22&#8243; background_color=&#8220;#ffffff&#8220;][et_pb_row column_structure=&#8220;1_2,1_2&#8243; admin_label=&#8220;Rij&#8220; _builder_version=&#8220;3.25&#8243; background_size=&#8220;initial&#8220; background_position=&#8220;top_left&#8220; background_repeat=&#8220;repeat&#8220;][et_pb_column type=&#8220;1_2&#8243; _builder_version=&#8220;3.25&#8243; custom_padding=&#8220;|||&#8220; custom_padding__hover=&#8220;|||&#8220;][et_pb_text admin_label=&#8220;Tekst&#8220; _builder_version=&#8220;4.9.4&#8243; background_size=&#8220;initial&#8220; background_position=&#8220;top_left&#8220; background_repeat=&#8220;repeat&#8220; border_style=&#8220;solid&#8220;] Zertifizierung Coes Metaalbescherming besitzt die Zertifikate NEN-ISO 9001 und EN 1090. Bei der Durchf\u00fchrung der Strahl- und Konservierungsverfahren wird bei Coes Metaalbescherming f\u00fcr das Strahlen nach der Norm NEN-ISO 8501-1 und f\u00fcr das [&hellip;]<\/p>\n","protected":false},"author":1,"featured_media":0,"parent":0,"menu_order":0,"comment_status":"closed","ping_status":"closed","template":"","meta":{"_et_pb_use_builder":"on","_et_pb_old_content":"","_et_gb_content_width":"","inline_featured_image":false,"_exactmetrics_skip_tracking":false,"_exactmetrics_sitenote_active":false,"_exactmetrics_sitenote_note":"","_exactmetrics_sitenote_category":0,"footnotes":""},"class_list":["post-749","page","type-page","status-publish","hentry"],"yoast_head":"<!-- This site is optimized with the Yoast SEO plugin v27.5 - https:\/\/yoast.com\/product\/yoast-seo-wordpress\/ -->\n<title>Zertifizierung - Coes Metaalbescherming<\/title>\n<meta name=\"robots\" content=\"index, follow, max-snippet:-1, max-image-preview:large, max-video-preview:-1\" \/>\n<link rel=\"canonical\" href=\"https:\/\/www.coes.nl\/de\/zertifizierung\/\" \/>\n<meta property=\"og:locale\" content=\"de_DE\" \/>\n<meta property=\"og:type\" content=\"article\" \/>\n<meta property=\"og:title\" content=\"Zertifizierung - Coes Metaalbescherming\" \/>\n<meta property=\"og:description\" content=\"[et_pb_section fb_built=&#8220;1&#8243; admin_label=&#8220;Sectie&#8220; module_class=&#8220;home1&#8243; _builder_version=&#8220;3.22&#8243; background_color=&#8220;#ffffff&#8220;][et_pb_row column_structure=&#8220;1_2,1_2&#8243; admin_label=&#8220;Rij&#8220; _builder_version=&#8220;3.25&#8243; background_size=&#8220;initial&#8220; background_position=&#8220;top_left&#8220; background_repeat=&#8220;repeat&#8220;][et_pb_column type=&#8220;1_2&#8243; _builder_version=&#8220;3.25&#8243; custom_padding=&#8220;|||&#8220; custom_padding__hover=&#8220;|||&#8220;][et_pb_text admin_label=&#8220;Tekst&#8220; _builder_version=&#8220;4.9.4&#8243; background_size=&#8220;initial&#8220; background_position=&#8220;top_left&#8220; background_repeat=&#8220;repeat&#8220; border_style=&#8220;solid&#8220;] Zertifizierung Coes Metaalbescherming besitzt die Zertifikate NEN-ISO 9001 und EN 1090. Bei der Durchf\u00fchrung der Strahl- und Konservierungsverfahren wird bei Coes Metaalbescherming f\u00fcr das Strahlen nach der Norm NEN-ISO 8501-1 und f\u00fcr das [&hellip;]\" \/>\n<meta property=\"og:url\" content=\"https:\/\/www.coes.nl\/de\/zertifizierung\/\" \/>\n<meta property=\"og:site_name\" content=\"Coes Metaalbescherming\" \/>\n<meta property=\"article:modified_time\" content=\"2025-12-18T09:04:47+00:00\" \/>\n<meta name=\"twitter:card\" content=\"summary_large_image\" \/>\n<meta name=\"twitter:label1\" content=\"Gesch\u00e4tzte Lesezeit\" \/>\n\t<meta name=\"twitter:data1\" content=\"1\u00a0Minute\" \/>\n<script type=\"application\/ld+json\" class=\"yoast-schema-graph\">{\"@context\":\"https:\\\/\\\/schema.org\",\"@graph\":[{\"@type\":\"WebPage\",\"@id\":\"https:\\\/\\\/www.coes.nl\\\/de\\\/zertifizierung\\\/\",\"url\":\"https:\\\/\\\/www.coes.nl\\\/de\\\/zertifizierung\\\/\",\"name\":\"Zertifizierung - Coes Metaalbescherming\",\"isPartOf\":{\"@id\":\"https:\\\/\\\/www.coes.nl\\\/#website\"},\"datePublished\":\"2017-04-26T09:07:39+00:00\",\"dateModified\":\"2025-12-18T09:04:47+00:00\",\"breadcrumb\":{\"@id\":\"https:\\\/\\\/www.coes.nl\\\/de\\\/zertifizierung\\\/#breadcrumb\"},\"inLanguage\":\"de\",\"potentialAction\":[{\"@type\":\"ReadAction\",\"target\":[\"https:\\\/\\\/www.coes.nl\\\/de\\\/zertifizierung\\\/\"]}]},{\"@type\":\"BreadcrumbList\",\"@id\":\"https:\\\/\\\/www.coes.nl\\\/de\\\/zertifizierung\\\/#breadcrumb\",\"itemListElement\":[{\"@type\":\"ListItem\",\"position\":1,\"name\":\"Home\",\"item\":\"https:\\\/\\\/www.coes.nl\\\/de\\\/\"},{\"@type\":\"ListItem\",\"position\":2,\"name\":\"Zertifizierung\"}]},{\"@type\":\"WebSite\",\"@id\":\"https:\\\/\\\/www.coes.nl\\\/#website\",\"url\":\"https:\\\/\\\/www.coes.nl\\\/\",\"name\":\"Coes Metaalbescherming\",\"description\":\"\",\"potentialAction\":[{\"@type\":\"SearchAction\",\"target\":{\"@type\":\"EntryPoint\",\"urlTemplate\":\"https:\\\/\\\/www.coes.nl\\\/?s={search_term_string}\"},\"query-input\":{\"@type\":\"PropertyValueSpecification\",\"valueRequired\":true,\"valueName\":\"search_term_string\"}}],\"inLanguage\":\"de\"}]}<\/script>\n<!-- \/ Yoast SEO plugin. -->","yoast_head_json":{"title":"Zertifizierung - Coes Metaalbescherming","robots":{"index":"index","follow":"follow","max-snippet":"max-snippet:-1","max-image-preview":"max-image-preview:large","max-video-preview":"max-video-preview:-1"},"canonical":"https:\/\/www.coes.nl\/de\/zertifizierung\/","og_locale":"de_DE","og_type":"article","og_title":"Zertifizierung - Coes Metaalbescherming","og_description":"[et_pb_section fb_built=&#8220;1&#8243; admin_label=&#8220;Sectie&#8220; module_class=&#8220;home1&#8243; _builder_version=&#8220;3.22&#8243; background_color=&#8220;#ffffff&#8220;][et_pb_row column_structure=&#8220;1_2,1_2&#8243; admin_label=&#8220;Rij&#8220; _builder_version=&#8220;3.25&#8243; background_size=&#8220;initial&#8220; background_position=&#8220;top_left&#8220; background_repeat=&#8220;repeat&#8220;][et_pb_column type=&#8220;1_2&#8243; _builder_version=&#8220;3.25&#8243; custom_padding=&#8220;|||&#8220; custom_padding__hover=&#8220;|||&#8220;][et_pb_text admin_label=&#8220;Tekst&#8220; _builder_version=&#8220;4.9.4&#8243; background_size=&#8220;initial&#8220; background_position=&#8220;top_left&#8220; background_repeat=&#8220;repeat&#8220; border_style=&#8220;solid&#8220;] Zertifizierung Coes Metaalbescherming besitzt die Zertifikate NEN-ISO 9001 und EN 1090. Bei der Durchf\u00fchrung der Strahl- und Konservierungsverfahren wird bei Coes Metaalbescherming f\u00fcr das Strahlen nach der Norm NEN-ISO 8501-1 und f\u00fcr das [&hellip;]","og_url":"https:\/\/www.coes.nl\/de\/zertifizierung\/","og_site_name":"Coes Metaalbescherming","article_modified_time":"2025-12-18T09:04:47+00:00","twitter_card":"summary_large_image","twitter_misc":{"Gesch\u00e4tzte Lesezeit":"1\u00a0Minute"},"schema":{"@context":"https:\/\/schema.org","@graph":[{"@type":"WebPage","@id":"https:\/\/www.coes.nl\/de\/zertifizierung\/","url":"https:\/\/www.coes.nl\/de\/zertifizierung\/","name":"Zertifizierung - Coes Metaalbescherming","isPartOf":{"@id":"https:\/\/www.coes.nl\/#website"},"datePublished":"2017-04-26T09:07:39+00:00","dateModified":"2025-12-18T09:04:47+00:00","breadcrumb":{"@id":"https:\/\/www.coes.nl\/de\/zertifizierung\/#breadcrumb"},"inLanguage":"de","potentialAction":[{"@type":"ReadAction","target":["https:\/\/www.coes.nl\/de\/zertifizierung\/"]}]},{"@type":"BreadcrumbList","@id":"https:\/\/www.coes.nl\/de\/zertifizierung\/#breadcrumb","itemListElement":[{"@type":"ListItem","position":1,"name":"Home","item":"https:\/\/www.coes.nl\/de\/"},{"@type":"ListItem","position":2,"name":"Zertifizierung"}]},{"@type":"WebSite","@id":"https:\/\/www.coes.nl\/#website","url":"https:\/\/www.coes.nl\/","name":"Coes Metaalbescherming","description":"","potentialAction":[{"@type":"SearchAction","target":{"@type":"EntryPoint","urlTemplate":"https:\/\/www.coes.nl\/?s={search_term_string}"},"query-input":{"@type":"PropertyValueSpecification","valueRequired":true,"valueName":"search_term_string"}}],"inLanguage":"de"}]}},"_links":{"self":[{"href":"https:\/\/www.coes.nl\/de\/wp-json\/wp\/v2\/pages\/749","targetHints":{"allow":["GET"]}}],"collection":[{"href":"https:\/\/www.coes.nl\/de\/wp-json\/wp\/v2\/pages"}],"about":[{"href":"https:\/\/www.coes.nl\/de\/wp-json\/wp\/v2\/types\/page"}],"author":[{"embeddable":true,"href":"https:\/\/www.coes.nl\/de\/wp-json\/wp\/v2\/users\/1"}],"replies":[{"embeddable":true,"href":"https:\/\/www.coes.nl\/de\/wp-json\/wp\/v2\/comments?post=749"}],"version-history":[{"count":12,"href":"https:\/\/www.coes.nl\/de\/wp-json\/wp\/v2\/pages\/749\/revisions"}],"predecessor-version":[{"id":1289,"href":"https:\/\/www.coes.nl\/de\/wp-json\/wp\/v2\/pages\/749\/revisions\/1289"}],"wp:attachment":[{"href":"https:\/\/www.coes.nl\/de\/wp-json\/wp\/v2\/media?parent=749"}],"curies":[{"name":"wp","href":"https:\/\/api.w.org\/{rel}","templated":true}]}}